{"id":43,"date":"2025-01-08T14:22:53","date_gmt":"2025-01-08T14:22:53","guid":{"rendered":"https:\/\/www.7te-blauefunken.de\/?page_id=43"},"modified":"2026-01-06T11:58:16","modified_gmt":"2026-01-06T11:58:16","slug":"termine","status":"publish","type":"page","link":"https:\/\/www.7te-blauefunken.de\/?page_id=43","title":{"rendered":"Termine"},"content":{"rendered":"\n<figure class=\"wp-block-table\"><table class=\"has-fixed-layout\"><tbody><tr><td>10.01.26<\/td><td>10:00 Uhr<\/td><td><\/td><td><\/td><td><\/td><td>Hotel Flatten<\/td><td>Saalbau <\/td><\/tr><tr><td>11.01.26<\/td><td>11:00 Uhr<\/td><td><\/td><td><\/td><td><\/td><td>Hotel Flatten<\/td><td>Ordens- und Bef\u00f6rderungsappell<\/td><\/tr><tr><td>23.01.26<\/td><td>19:45 Uhr<\/td><td>20:15 Uhr<\/td><td>21:30 Uhr<\/td><td>22:30 Uhr<\/td><td>Hotel Flatten<\/td><td>Ausmarsch KG L\u00f6stige W\u00f6llekl\u00f6s Mausbach<\/td><\/tr><tr><td>25.01.26<\/td><td>10:45 Uhr<\/td><td>11:15 Uhr<\/td><td>12:15 Uhr<\/td><td>13:15 Uhr<\/td><td>Hotel Flatten<\/td><td>Ausmarsch Regimentsfest KG Prinzengilde Bergrath<\/td><\/tr><tr><td>29.01.26<\/td><td>18:30 Uhr<\/td><td><\/td><td><\/td><td><\/td><td>Hotel Flatten<\/td><td>Saalbau <\/td><\/tr><tr><td>30.01.26<\/td><td>19:00 Uhr<\/td><td><\/td><td>19:28 Uhr<\/td><td><\/td><td>Hotel Flatten<\/td><td>Gro\u00dfe Kost\u00fcmsitzung<\/td><\/tr><tr><td>31.01.26<\/td><td>19:15 Uhr<\/td><td><\/td><td>21:00 Uhr<\/td><td><\/td><td>Burghof<\/td><td>Ausmarsch KG Narrenzunft Eschweiler Pumpestich<\/td><\/tr><tr><td>01.02.26<\/td><td>13:30 Uhr<\/td><td><\/td><td>14:30 Uhr<\/td><td><\/td><td>Hotel Flatten<\/td><td>Kindersitzung<\/td><\/tr><tr><td>11.02.26<\/td><td>20:00 Uhr<\/td><td><\/td><td><\/td><td><\/td><td>Talbahnhof<\/td><td>Eselabend 7te Korporalschaft<\/td><\/tr><tr><td>12.02.26<\/td><td>09:00 Uhr<\/td><td>09:11 Uhr<\/td><td><\/td><td><\/td><td><\/td><td>Weiberfastnachtstreck<\/td><\/tr><tr><td>13.02.26<\/td><td>20:00 Uhr<\/td><td><\/td><td><\/td><td><\/td><td>Hotel Flatten<\/td><td>Kost\u00fcmfete 7te\/13te Korporalschaft<\/td><\/tr><tr><td>14.02.26<\/td><td>09:30 Uhr<\/td><td>10:00 Uhr<\/td><td><\/td><td><\/td><td>Hotel Flatten<\/td><td>Rathausst\u00fcrmung<\/td><\/tr><tr><td>14.02.26<\/td><td>20:00 Uhr<\/td><td><\/td><td><\/td><td><\/td><td><\/td><td>Gemeinschaftsball<\/td><\/tr><tr><td>15.02.26<\/td><td>12:30 Uhr<\/td><td>13:00 Uhr<\/td><td><\/td><td><\/td><td>Hotel Flatten<\/td><td>Sonntagstreck<\/td><\/tr><tr><td>16.02.26<\/td><td>08:00 Uhr<\/td><td>08:11 Uhr<\/td><td><\/td><td><\/td><td>Hotel Flatten<\/td><td>Abholung Kommandant<\/td><\/tr><tr><td>16.02.26<\/td><td><\/td><td><\/td><td><\/td><td><\/td><td><\/td><td>Rosenmontagszug (im Anschluss)<\/td><\/tr><tr><td>06.03.26<\/td><td>20:00 Uhr<\/td><td><\/td><td><\/td><td><\/td><td>Hotel Flatten<\/td><td>Fischessen<\/td><\/tr><tr><td>13.06.26<\/td><td>16:00 Uhr<\/td><td><\/td><td><\/td><td><\/td><td>Festplatz<\/td><td>Familien- und Sommerfest<\/td><\/tr><tr><td>14.06.26<\/td><td>11:00 Uhr<\/td><td><\/td><td><\/td><td><\/td><td>Alte Ziegelei<\/td><td><\/td><\/tr><\/tbody><\/table><\/figure>\n","protected":false},"excerpt":{"rendered":"<p>10.01.26 10:00 Uhr Hotel Flatten Saalbau 11.01.26 11:00 Uhr Hotel Flatten Ordens- und Bef\u00f6rderungsappell 23.01.26 19:45 Uhr 20:15 Uhr 21:30 Uhr 22:30 Uhr Hotel Flatten Ausmarsch KG L\u00f6stige W\u00f6llekl\u00f6s Mausbach 25.01.26 10:45 Uhr 11:15 Uhr 12:15 Uhr 13:15 Uhr Hotel Flatten Ausmarsch Regimentsfest KG Prinzengilde Bergrath 29.01.26 18:30 Uhr Hotel Flatten Saalbau 30.01.26 19:00 Uhr 19:28 Uhr Hotel Flatten Gro\u00dfe Kost\u00fcmsitzung 31.01.26 19:15 Uhr 21:00 Uhr Burghof Ausmarsch KG Narrenzunft Eschweiler Pumpestich 01.02.26 13:30 Uhr 14:30 Uhr Hotel Flatten Kindersitzung 11.02.26 20:00 Uhr Talbahnhof Eselabend 7te Korporalschaft 12.02.26 09:00 Uhr 09:11 Uhr Weiberfastnachtstreck 13.02.26 20:00 Uhr Hotel Flatten Kost\u00fcmfete 7te\/13te Korporalschaft 14.02.26 09:30 Uhr 10:00 Uhr Hotel Flatten Rathausst\u00fcrmung 14.02.26 20:00 Uhr Gemeinschaftsball 15.02.26 12:30 Uhr 13:00 Uhr Hotel Flatten Sonntagstreck 16.02.26 08:00 Uhr 08:11 Uhr Hotel Flatten Abholung Kommandant 16.02.26 Rosenmontagszug (im Anschluss) 06.03.26 20:00 Uhr Hotel Flatten Fischessen 13.06.26 16:00 Uhr Festplatz Familien- und Sommerfest 14.06.26 11:00 Uhr Alte Ziegelei<\/p>\n","protected":false},"author":4,"featured_media":0,"parent":0,"menu_order":0,"comment_status":"closed","ping_status":"closed","template":"","meta":{"footnotes":""},"class_list":["post-43","page","type-page","status-publish","hentry"],"yoast_head":"<!-- This site is optimized with the Yoast SEO plugin v27.1.1 - https:\/\/yoast.com\/product\/yoast-seo-wordpress\/ -->\n<title>Termine - 7te Korporalschaft der KG Blauen Funken Eschweiler<\/title>\n<meta name=\"robots\" content=\"index, follow, max-snippet:-1, max-image-preview:large, max-video-preview:-1\" \/>\n<link rel=\"canonical\" href=\"https:\/\/www.7te-blauefunken.de\/?page_id=43\" \/>\n<meta property=\"og:locale\" content=\"de_DE\" \/>\n<meta property=\"og:type\" content=\"article\" \/>\n<meta property=\"og:title\" content=\"Termine - 7te Korporalschaft der KG Blauen Funken Eschweiler\" \/>\n<meta property=\"og:description\" content=\"10.01.26 10:00 Uhr Hotel Flatten Saalbau 11.01.26 11:00 Uhr Hotel Flatten Ordens- und Bef\u00f6rderungsappell 23.01.26 19:45 Uhr 20:15 Uhr 21:30 Uhr 22:30 Uhr Hotel Flatten Ausmarsch KG L\u00f6stige W\u00f6llekl\u00f6s Mausbach 25.01.26 10:45 Uhr 11:15 Uhr 12:15 Uhr 13:15 Uhr Hotel Flatten Ausmarsch Regimentsfest KG Prinzengilde Bergrath 29.01.26 18:30 Uhr Hotel Flatten Saalbau 30.01.26 19:00 Uhr 19:28 Uhr Hotel Flatten Gro\u00dfe Kost\u00fcmsitzung 31.01.26 19:15 Uhr 21:00 Uhr Burghof Ausmarsch KG Narrenzunft Eschweiler Pumpestich 01.02.26 13:30 Uhr 14:30 Uhr Hotel Flatten Kindersitzung 11.02.26 20:00 Uhr Talbahnhof Eselabend 7te Korporalschaft 12.02.26 09:00 Uhr 09:11 Uhr Weiberfastnachtstreck 13.02.26 20:00 Uhr Hotel Flatten Kost\u00fcmfete 7te\/13te Korporalschaft 14.02.26 09:30 Uhr 10:00 Uhr Hotel Flatten Rathausst\u00fcrmung 14.02.26 20:00 Uhr Gemeinschaftsball 15.02.26 12:30 Uhr 13:00 Uhr Hotel Flatten Sonntagstreck 16.02.26 08:00 Uhr 08:11 Uhr Hotel Flatten Abholung Kommandant 16.02.26 Rosenmontagszug (im Anschluss) 06.03.26 20:00 Uhr Hotel Flatten Fischessen 13.06.26 16:00 Uhr Festplatz Familien- und Sommerfest 14.06.26 11:00 Uhr Alte Ziegelei\" \/>\n<meta property=\"og:url\" content=\"https:\/\/www.7te-blauefunken.de\/?page_id=43\" \/>\n<meta property=\"og:site_name\" content=\"7te Korporalschaft der KG Blauen Funken Eschweiler\" \/>\n<meta property=\"article:modified_time\" content=\"2026-01-06T11:58:16+00:00\" \/>\n<meta name=\"twitter:card\" content=\"summary_large_image\" \/>\n<meta name=\"twitter:label1\" content=\"Gesch\u00e4tzte Lesezeit\" \/>\n\t<meta name=\"twitter:data1\" content=\"1\u00a0Minute\" \/>\n<script type=\"application\/ld+json\" class=\"yoast-schema-graph\">{\"@context\":\"https:\/\/schema.org\",\"@graph\":[{\"@type\":\"WebPage\",\"@id\":\"https:\/\/www.7te-blauefunken.de\/?page_id=43\",\"url\":\"https:\/\/www.7te-blauefunken.de\/?page_id=43\",\"name\":\"Termine - 7te Korporalschaft der KG Blauen Funken Eschweiler\",\"isPartOf\":{\"@id\":\"https:\/\/www.7te-blauefunken.de\/#website\"},\"datePublished\":\"2025-01-08T14:22:53+00:00\",\"dateModified\":\"2026-01-06T11:58:16+00:00\",\"breadcrumb\":{\"@id\":\"https:\/\/www.7te-blauefunken.de\/?page_id=43#breadcrumb\"},\"inLanguage\":\"de\",\"potentialAction\":[{\"@type\":\"ReadAction\",\"target\":[\"https:\/\/www.7te-blauefunken.de\/?page_id=43\"]}]},{\"@type\":\"BreadcrumbList\",\"@id\":\"https:\/\/www.7te-blauefunken.de\/?page_id=43#breadcrumb\",\"itemListElement\":[{\"@type\":\"ListItem\",\"position\":1,\"name\":\"Startseite\",\"item\":\"https:\/\/www.7te-blauefunken.de\/\"},{\"@type\":\"ListItem\",\"position\":2,\"name\":\"Termine\"}]},{\"@type\":\"WebSite\",\"@id\":\"https:\/\/www.7te-blauefunken.de\/#website\",\"url\":\"https:\/\/www.7te-blauefunken.de\/\",\"name\":\"7te Korporalschaft der KG Blauen Funken Eschweiler\",\"description\":\"Bum Bum Hurra\",\"potentialAction\":[{\"@type\":\"SearchAction\",\"target\":{\"@type\":\"EntryPoint\",\"urlTemplate\":\"https:\/\/www.7te-blauefunken.de\/?s={search_term_string}\"},\"query-input\":{\"@type\":\"PropertyValueSpecification\",\"valueRequired\":true,\"valueName\":\"search_term_string\"}}],\"inLanguage\":\"de\"}]}<\/script>\n<!-- \/ Yoast SEO plugin. -->","yoast_head_json":{"title":"Termine - 7te Korporalschaft der KG Blauen Funken Eschweiler","robots":{"index":"index","follow":"follow","max-snippet":"max-snippet:-1","max-image-preview":"max-image-preview:large","max-video-preview":"max-video-preview:-1"},"canonical":"https:\/\/www.7te-blauefunken.de\/?page_id=43","og_locale":"de_DE","og_type":"article","og_title":"Termine - 7te Korporalschaft der KG Blauen Funken Eschweiler","og_description":"10.01.26 10:00 Uhr Hotel Flatten Saalbau 11.01.26 11:00 Uhr Hotel Flatten Ordens- und Bef\u00f6rderungsappell 23.01.26 19:45 Uhr 20:15 Uhr 21:30 Uhr 22:30 Uhr Hotel Flatten Ausmarsch KG L\u00f6stige W\u00f6llekl\u00f6s Mausbach 25.01.26 10:45 Uhr 11:15 Uhr 12:15 Uhr 13:15 Uhr Hotel Flatten Ausmarsch Regimentsfest KG Prinzengilde Bergrath 29.01.26 18:30 Uhr Hotel Flatten Saalbau 30.01.26 19:00 Uhr 19:28 Uhr Hotel Flatten Gro\u00dfe Kost\u00fcmsitzung 31.01.26 19:15 Uhr 21:00 Uhr Burghof Ausmarsch KG Narrenzunft Eschweiler Pumpestich 01.02.26 13:30 Uhr 14:30 Uhr Hotel Flatten Kindersitzung 11.02.26 20:00 Uhr Talbahnhof Eselabend 7te Korporalschaft 12.02.26 09:00 Uhr 09:11 Uhr Weiberfastnachtstreck 13.02.26 20:00 Uhr Hotel Flatten Kost\u00fcmfete 7te\/13te Korporalschaft 14.02.26 09:30 Uhr 10:00 Uhr Hotel Flatten Rathausst\u00fcrmung 14.02.26 20:00 Uhr Gemeinschaftsball 15.02.26 12:30 Uhr 13:00 Uhr Hotel Flatten Sonntagstreck 16.02.26 08:00 Uhr 08:11 Uhr Hotel Flatten Abholung Kommandant 16.02.26 Rosenmontagszug (im Anschluss) 06.03.26 20:00 Uhr Hotel Flatten Fischessen 13.06.26 16:00 Uhr Festplatz Familien- und Sommerfest 14.06.26 11:00 Uhr Alte Ziegelei","og_url":"https:\/\/www.7te-blauefunken.de\/?page_id=43","og_site_name":"7te Korporalschaft der KG Blauen Funken Eschweiler","article_modified_time":"2026-01-06T11:58:16+00:00","twitter_card":"summary_large_image","twitter_misc":{"Gesch\u00e4tzte Lesezeit":"1\u00a0Minute"},"schema":{"@context":"https:\/\/schema.org","@graph":[{"@type":"WebPage","@id":"https:\/\/www.7te-blauefunken.de\/?page_id=43","url":"https:\/\/www.7te-blauefunken.de\/?page_id=43","name":"Termine - 7te Korporalschaft der KG Blauen Funken Eschweiler","isPartOf":{"@id":"https:\/\/www.7te-blauefunken.de\/#website"},"datePublished":"2025-01-08T14:22:53+00:00","dateModified":"2026-01-06T11:58:16+00:00","breadcrumb":{"@id":"https:\/\/www.7te-blauefunken.de\/?page_id=43#breadcrumb"},"inLanguage":"de","potentialAction":[{"@type":"ReadAction","target":["https:\/\/www.7te-blauefunken.de\/?page_id=43"]}]},{"@type":"BreadcrumbList","@id":"https:\/\/www.7te-blauefunken.de\/?page_id=43#breadcrumb","itemListElement":[{"@type":"ListItem","position":1,"name":"Startseite","item":"https:\/\/www.7te-blauefunken.de\/"},{"@type":"ListItem","position":2,"name":"Termine"}]},{"@type":"WebSite","@id":"https:\/\/www.7te-blauefunken.de\/#website","url":"https:\/\/www.7te-blauefunken.de\/","name":"7te Korporalschaft der KG Blauen Funken Eschweiler","description":"Bum Bum Hurra","potentialAction":[{"@type":"SearchAction","target":{"@type":"EntryPoint","urlTemplate":"https:\/\/www.7te-blauefunken.de\/?s={search_term_string}"},"query-input":{"@type":"PropertyValueSpecification","valueRequired":true,"valueName":"search_term_string"}}],"inLanguage":"de"}]}},"_links":{"self":[{"href":"https:\/\/www.7te-blauefunken.de\/index.php?rest_route=\/wp\/v2\/pages\/43","targetHints":{"allow":["GET"]}}],"collection":[{"href":"https:\/\/www.7te-blauefunken.de\/index.php?rest_route=\/wp\/v2\/pages"}],"about":[{"href":"https:\/\/www.7te-blauefunken.de\/index.php?rest_route=\/wp\/v2\/types\/page"}],"author":[{"embeddable":true,"href":"https:\/\/www.7te-blauefunken.de\/index.php?rest_route=\/wp\/v2\/users\/4"}],"replies":[{"embeddable":true,"href":"https:\/\/www.7te-blauefunken.de\/index.php?rest_route=%2Fwp%2Fv2%2Fcomments&post=43"}],"version-history":[{"count":3,"href":"https:\/\/www.7te-blauefunken.de\/index.php?rest_route=\/wp\/v2\/pages\/43\/revisions"}],"predecessor-version":[{"id":105,"href":"https:\/\/www.7te-blauefunken.de\/index.php?rest_route=\/wp\/v2\/pages\/43\/revisions\/105"}],"wp:attachment":[{"href":"https:\/\/www.7te-blauefunken.de\/index.php?rest_route=%2Fwp%2Fv2%2Fmedia&parent=43"}],"curies":[{"name":"wp","href":"https:\/\/api.w.org\/{rel}","templated":true}]}}